{"id":29,"date":"2015-08-31T11:29:37","date_gmt":"2015-08-31T11:29:37","guid":{"rendered":"https:\/\/euramet.fi\/?page_id=29"},"modified":"2018-10-24T12:51:04","modified_gmt":"2018-10-24T12:51:04","slug":"laitekanta","status":"publish","type":"page","link":"https:\/\/euramet.fi\/?page_id=29","title":{"rendered":"Laitekanta"},"content":{"rendered":"<div class=\"art-content-layout\">\n<div class=\"art-content-layout-row\">\n<div class=\"art-layout-cell\" style=\"width: 50%;\">\n<p style=\"padding-left: 60px;\">\n<span style=\"color: #256fad; font-size: 26px;\"><span style=\"font-family: Arial;\">Laitekanta<\/span><\/span><\/p>\n<p style=\"padding-left: 60px;\"><span style=\"font-size: 16px; font-weight: bold; color: #256fad;\">Sorvit<\/span><\/p>\n<ul style=\"padding-left: 80px;\">\n<li>9kpl\u00a0k\u00e4rkisorveja digitaalin\u00e4yt\u00f6in<\/li>\n<li>1kpl Mazak CNC-sorvi<\/li>\n<li>max. k\u00e4rkiv\u00e4li 10 000mm<\/li>\n<li>max. py\u00f6rint\u00e4 halkaisija kelkan p\u00e4\u00e4ll\u00e4 1000mm<\/li>\n<li>max. py\u00f6rint\u00e4 halkaisija\u00a0johteilla 1350mm<\/li>\n<li>max. py\u00f6rint\u00e4 halkaisija\u00a0kidassa 1650mm<br \/>\n&nbsp;<\/li>\n<\/ul>\n<p style=\"padding-left: 60px;\"><span style=\"color: #256fad; font-size: 16px; font-weight: bold;\">Jyrsinkoneet<\/span><\/p>\n<ul style=\"padding-left: 80px;\">\n<li>5kpl jyrsinkoneita digitaalin\u00e4yt\u00f6in<\/li>\n<li>max liikkeet x=4300mm, y=1200mm, z=965mm<\/li>\n<\/ul>\n<\/div>\n<div class=\"art-layout-cell\" style=\"width: 50%;\">\n<p>&nbsp;<\/p>\n<p style=\"text-align: center;\"><img decoding=\"async\" loading=\"lazy\" class=\"art-lightbox\" src=\"https:\/\/euramet.fi\/wp-content\/uploads\/2015\/08\/Iso-sorvi-tela.jpg\" alt=\"\" width=\"349\" height=\"226\" \/><\/p>\n<\/div>\n<\/div>\n<\/div>\n<div class=\"art-content-layout\">\n<div class=\"art-content-layout-row\">\n<div class=\"art-layout-cell\" style=\"width: 50%;\">\n<p style=\"padding-left: 60px;\">\n<span style=\"font-size: 16px; font-weight: bold; color: #256fad;\">Tasapainotuskone<\/span><\/p>\n<ul style=\"padding-left: 80px;\">\n<li>K\u00e4ytt\u00f6oikeus 1kpl Schenck, dynaaminen tasapainotuskone<\/li>\n<li>max. paino 7000kg<\/li>\n<li>max. halkaisija 1050mm<\/li>\n<li>max. pituus 8000mm<br \/>\n&nbsp;<\/li>\n<\/ul>\n<p style=\"padding-left: 60px;\"><span style=\"font-size: 16px; font-weight: bold; color: #256fad;\">Levyty\u00f6t<\/span><\/p>\n<ul style=\"padding-left: 80px;\">\n<li>Leikkaus:\u00a01kpl Aliko CNC 12x3000mm<\/li>\n<li>S\u00e4rm\u00e4ys:\u00a01kpl Aliko CNC 3000mm x 220tn<\/li>\n<li>Py\u00f6ristys:\u00a0\u00a0Levymankeli 10x3000mm<\/li>\n<\/ul>\n<p style=\"padding-left: 60px;\"><span style=\"font-size: 16px; font-weight: bold; color: #256fad;\">\u00a0<\/span><\/p>\n<p style=\"padding-left: 60px;\"><span style=\"font-size: 16px; font-weight: bold; color: #256fad;\">Metalliruiskutus<\/span><\/p>\n<ul style=\"padding-left: 80px;\">\n<li>kylm\u00e4ruiskutus pulverimenetelm\u00e4ll\u00e4<\/li>\n<\/ul>\n<\/div>\n<div class=\"art-layout-cell\" style=\"width: 50%;\">\n<p style=\"text-align: center;\">\n<p style=\"text-align: center;\"><img decoding=\"async\" loading=\"lazy\" class=\"art-lightbox\" src=\"https:\/\/euramet.fi\/wp-content\/uploads\/2015\/08\/laitekanta2.jpg\" alt=\"\" width=\"350\" height=\"240\" \/><\/p>\n<\/div>\n<\/div>\n<\/div>\n","protected":false},"excerpt":{"rendered":"<p>Laitekanta Sorvit 9kpl\u00a0k\u00e4rkisorveja digitaalin\u00e4yt\u00f6in 1kpl Mazak CNC-sorvi max. k\u00e4rkiv\u00e4li 10 000mm max. py\u00f6rint\u00e4 halkaisija kelkan p\u00e4\u00e4ll\u00e4 1000mm max. py\u00f6rint\u00e4 halkaisija\u00a0johteilla 1350mm max. py\u00f6rint\u00e4 halkaisija\u00a0kidassa 1650mm &nbsp; Jyrsinkoneet 5kpl jyrsinkoneita digitaalin\u00e4yt\u00f6in max liikkeet x=4300mm, y=1200mm, z=965mm &nbsp; Tasapainotuskone K\u00e4ytt\u00f6oikeus 1kpl Schenck, dynaaminen tasapainotuskone max. paino 7000kg max. halkaisija 1050mm max. pituus 8000mm &nbsp; Levyty\u00f6t Leikkaus:\u00a01kpl Aliko [&hellip;]<\/p>\n","protected":false},"author":1,"featured_media":0,"parent":0,"menu_order":5,"comment_status":"closed","ping_status":"closed","template":"","meta":[],"_links":{"self":[{"href":"https:\/\/euramet.fi\/index.php?rest_route=\/wp\/v2\/pages\/29"}],"collection":[{"href":"https:\/\/euramet.fi\/index.php?rest_route=\/wp\/v2\/pages"}],"about":[{"href":"https:\/\/euramet.fi\/index.php?rest_route=\/wp\/v2\/types\/page"}],"author":[{"embeddable":true,"href":"https:\/\/euramet.fi\/index.php?rest_route=\/wp\/v2\/users\/1"}],"replies":[{"embeddable":true,"href":"https:\/\/euramet.fi\/index.php?rest_route=%2Fwp%2Fv2%2Fcomments&post=29"}],"version-history":[{"count":3,"href":"https:\/\/euramet.fi\/index.php?rest_route=\/wp\/v2\/pages\/29\/revisions"}],"predecessor-version":[{"id":80,"href":"https:\/\/euramet.fi\/index.php?rest_route=\/wp\/v2\/pages\/29\/revisions\/80"}],"wp:attachment":[{"href":"https:\/\/euramet.fi\/index.php?rest_route=%2Fwp%2Fv2%2Fmedia&parent=29"}],"curies":[{"name":"wp","href":"https:\/\/api.w.org\/{rel}","templated":true}]}}