{"id":28,"date":"2015-08-31T11:29:36","date_gmt":"2015-08-31T11:29:36","guid":{"rendered":"https:\/\/euramet.fi\/?page_id=28"},"modified":"2018-10-24T19:52:37","modified_gmt":"2018-10-24T19:52:37","slug":"matonpesualtaat-ja-mankelit","status":"publish","type":"page","link":"https:\/\/euramet.fi\/?page_id=28","title":{"rendered":"Matonpesualtaat aja mankelit"},"content":{"rendered":"<div class=\"art-content-layout\">\n<div class=\"art-content-layout-row\">\n<div class=\"art-layout-cell\" style=\"width: 50%;\">\n<p style=\"padding-left: 60px;\"><span style=\"font-size: 26px; color: #256fad; font-family: Arial;\">Matonpesualtaat ja mankelit<\/span><\/p>\n<p style=\"padding-left: 60px;\"><span style=\"font-family: Arial;\"><span style=\"color: #256fad; font-size: 18px;\">Matonpesualtaat:<br \/>\n<\/span><br \/>\nKorvaamalla perinteiset matonpesupaikat matonpesualtailla on j\u00e4tevedet helppo ohjata viem\u00e4riin eik\u00e4 luontoa rasittamaan.<br \/>\n<\/span><\/p>\n<p style=\"padding-left: 60px;\"><span style=\"font-family: Arial; font-weight: bold; color: #256fad;\">Altaita on kaksi peruskokoa:<\/span><\/p>\n<ul style=\"padding-left: 80px;\">\n<li><span style=\"font-family: Arial;\">Iso allas n.700mm x 2700mm<\/span><\/li>\n<li><span style=\"font-family: Arial;\">Pieni allas n. 700mm x 1200mm<\/span><\/li>\n<\/ul>\n<p style=\"padding-left: 60px;\"><span style=\"font-family: Arial;\">mutta valmistamme asiakkaan toiveesta my\u00f6s muita kokoja.\u00a0Altaat ja rungot ovat ruostumatonta ter\u00e4st\u00e4.<\/span><\/p>\n<p style=\"padding-left: 60px;\"><span style=\"font-family: Arial;\">Allasryhm\u00e4n koko m\u00e4\u00e4r\u00e4ytyy asiakkaan tarpeiden mukaan; altaita on helppo yhdistell\u00e4 ja koota mieleisens\u00e4 kokonaisuus.\u00a0Pesukorkeus on n. 820mm.<\/span><\/p>\n<p style=\"padding-left: 60px;\"><span style=\"font-family: Arial;\">Vakiovarusteina altaissa on rei\u2019itetyt ruostumattomat suihkuputket, saippuatelineet, puulaverit kestopuusta ja viem\u00e4riyhteet.<\/span><\/p>\n<\/div>\n<div class=\"art-layout-cell\" style=\"width: 50%;\">\n<p>&nbsp;<\/p>\n<p style=\"text-align: center;\"><img decoding=\"async\" loading=\"lazy\" class=\"art-lightbox\" src=\"https:\/\/euramet.fi\/wp-content\/uploads\/2015\/08\/matonpesuallas.jpg\" alt=\"\" width=\"350\" height=\"243\" \/><\/p>\n<\/div>\n<\/div>\n<\/div>\n<div class=\"art-content-layout\">\n<div class=\"art-content-layout-row\">\n<div class=\"art-layout-cell\" style=\"width: 50%;\">\n<p style=\"padding-left: 60px;\"><span style=\"color: #256fad; font-family: Arial; font-size: 18px;\">Mankelit:<\/span><\/p>\n<p style=\"padding-left: 60px;\"><span style=\"font-family: Arial;\">Matonkuivausmankeli on tarkoitettu kaupunkien ja kuntien yleisille matonpesupaikoille mattojen esikuivausta varten.\u00a0Se puristaa pestyn, m\u00e4r\u00e4n maton kumi-p\u00e4\u00e4llysteisten telojen l\u00e4pi ja kuivattaa sit\u00e4.<\/span><\/p>\n<p style=\"padding-left: 60px;\"><span style=\"font-family: Arial;\">Mankeli on valmistettu ruostumattomasta ter\u00e4ksest\u00e4 ja p\u00f6yd\u00e4t ovat vesivaneria.\u00a0Vakiona telojen p\u00e4\u00e4ll\u00e4 on suojapelti est\u00e4m\u00e4ss\u00e4 sormien joutumista telojen v\u00e4liin.<\/span><\/p>\n<p style=\"padding-left: 60px;\"><span style=\"font-family: Arial;\">Mankeleita on kahta leveytt\u00e4: 1 ja 2 metrinen ja se toimitetaan k\u00e4ytt\u00f6valmiina.\u00a0Matonkuivausmankeli on palkittu tuotekehittelypalkinnolla.<\/span><\/p>\n<p style=\"padding-left: 60px;\"><span style=\"font-family: Arial; font-weight: bold; color: #256fad;\">Matonkuivausmankelin k\u00e4yt\u00f6n etuja:<\/span><\/p>\n<ul style=\"padding-left: 80px;\">\n<li><span style=\"font-family: Arial;\">Mattoa on kevyempi k\u00e4sitell\u00e4<\/span><\/li>\n<li><span style=\"font-family: Arial;\">Matto ei valu vett\u00e4 vaan on heti kuljetusvalmis<\/span><\/li>\n<li><span style=\"font-family: Arial;\">Nopeuttaa maton kuivumista<\/span><\/li>\n<li><span style=\"font-family: Arial;\">Kevyt k\u00e4ytt\u00e4\u00e4<\/span><\/li>\n<\/ul>\n<\/div>\n<div class=\"art-layout-cell\" style=\"width: 50%;\">\n<p style=\"text-align: center;\"><img decoding=\"async\" loading=\"lazy\" class=\"art-lightbox\" src=\"https:\/\/euramet.fi\/wp-content\/uploads\/2015\/08\/Mankeli.jpg\" width=\"350\" height=\"262\" \/><\/p>\n<\/div>\n<\/div>\n<\/div>\n","protected":false},"excerpt":{"rendered":"<p>Matonpesualtaat ja mankelit Matonpesualtaat: Korvaamalla perinteiset matonpesupaikat matonpesualtailla on j\u00e4tevedet helppo ohjata viem\u00e4riin eik\u00e4 luontoa rasittamaan. Altaita on kaksi peruskokoa: Iso allas n.700mm x 2700mm Pieni allas n. 700mm x 1200mm mutta valmistamme asiakkaan toiveesta my\u00f6s muita kokoja.\u00a0Altaat ja rungot ovat ruostumatonta ter\u00e4st\u00e4. Allasryhm\u00e4n koko m\u00e4\u00e4r\u00e4ytyy asiakkaan tarpeiden mukaan; altaita on helppo yhdistell\u00e4 ja koota [&hellip;]<\/p>\n","protected":false},"author":1,"featured_media":0,"parent":0,"menu_order":4,"comment_status":"closed","ping_status":"closed","template":"","meta":[],"_links":{"self":[{"href":"https:\/\/euramet.fi\/index.php?rest_route=\/wp\/v2\/pages\/28"}],"collection":[{"href":"https:\/\/euramet.fi\/index.php?rest_route=\/wp\/v2\/pages"}],"about":[{"href":"https:\/\/euramet.fi\/index.php?rest_route=\/wp\/v2\/types\/page"}],"author":[{"embeddable":true,"href":"https:\/\/euramet.fi\/index.php?rest_route=\/wp\/v2\/users\/1"}],"replies":[{"embeddable":true,"href":"https:\/\/euramet.fi\/index.php?rest_route=%2Fwp%2Fv2%2Fcomments&post=28"}],"version-history":[{"count":13,"href":"https:\/\/euramet.fi\/index.php?rest_route=\/wp\/v2\/pages\/28\/revisions"}],"predecessor-version":[{"id":96,"href":"https:\/\/euramet.fi\/index.php?rest_route=\/wp\/v2\/pages\/28\/revisions\/96"}],"wp:attachment":[{"href":"https:\/\/euramet.fi\/index.php?rest_route=%2Fwp%2Fv2%2Fmedia&parent=28"}],"curies":[{"name":"wp","href":"https:\/\/api.w.org\/{rel}","templated":true}]}}