{"id":25,"date":"2015-08-31T11:29:33","date_gmt":"2015-08-31T11:29:33","guid":{"rendered":"https:\/\/euramet.fi\/?page_id=25"},"modified":"2018-10-24T12:23:41","modified_gmt":"2018-10-24T12:23:41","slug":"etusivu","status":"publish","type":"page","link":"https:\/\/euramet.fi\/","title":{"rendered":"Etusivu"},"content":{"rendered":"<div class=\"art-content-layout\">\n<div class=\"art-content-layout-row\">\n<div class=\"art-layout-cell layout-item-0\" style=\"width: 33%;\">\n<h1><span style=\"font-size: 26px; color: #256fad;\">Yritys<\/span><\/h1>\n<p><img decoding=\"async\" loading=\"lazy\" class=\"\" style=\"border: 3px solid #9ec8ea;\" src=\"https:\/\/euramet.fi\/wp-content\/uploads\/2015\/08\/Euramet_yritys.jpg\" alt=\"\" width=\"225\" height=\"140\" \/><\/p>\n<p>Euramet Oy on vuonna 1989 perustettu tilauskonepaja. 1700m\u00b2 toimitilamme sijaitsevat\u00a0hyvien kulkuyhteyksien varrella Euran Kauttualla, Neitsytm\u00e4en teollisuusalueella.<\/p>\n<p>&nbsp;<\/p>\n<p>Erityisosaamisalaamme ovat vaativat koneistusty\u00f6t, telojen valmistus ja tasapainotus, laiteasennukset, teollisuuden kunnossapito, On -site koneistukset, ter\u00e4srakenteet, hitsaus ym.<\/p>\n<p>&nbsp;<\/p>\n<p>Vahvuuksiimme kuuluvat mm. joustavuus, laaja yhteisty\u00f6verkosto, lujan ammattitaidon ja kokemuksen omaava henkil\u00f6kunta sek\u00e4 monipuolinen raaka-ainevarasto.<\/p>\n<p><a class=\"art-button\" href=\"\/historia-2\" target=\"_self\">LUE LIS\u00c4\u00c4<\/a><\/p>\n<\/div>\n<div class=\"art-layout-cell layout-item-0\" style=\"width: 34%;\">\n<h1><span style=\"font-size: 26px; color: #256fad;\">Palvelut<\/span><\/h1>\n<p style=\"text-align: left;\"><img decoding=\"async\" loading=\"lazy\" class=\"\" style=\"border: 3px solid #9ec8ea;\" src=\"https:\/\/euramet.fi\/wp-content\/uploads\/2015\/08\/palvelut.jpg\" alt=\"\" width=\"224\" height=\"140\" \/><\/p>\n<div style=\"margin-left: 2em;\"><\/div>\n<ul>\n<li><span style=\"color: #000000;\">Paperikoneiden telojen ja osien valmistus<\/span><\/li>\n<li><span style=\"color: #000000;\">Kunnossapito koneistukset<\/span><\/li>\n<li><span style=\"color: #000000;\">On-site koneistukset<\/span><\/li>\n<li><span style=\"color: #000000;\">Laakerikohtien ja muiden py\u00f6r\u00e4hdyskappaleiden metalliruiskutus<\/span><\/li>\n<li><span style=\"color: #000000;\">Koneiden varaosien valmistus<\/span><\/li>\n<li><span style=\"color: #000000;\">Kantavien ter\u00e4srakenteiden valmistus EN-1090 mukaan<\/span><\/li>\n<li><span style=\"color: #000000;\">Ter\u00e4srakenteet ja hitsaukset<\/span><\/li>\n<li><span style=\"color: #000000;\">H\u00e4t\u00e4koneistus palvelu 24h<\/span><\/li>\n<li><span style=\"color: #000000;\">Kauttamme my\u00f6s telojen kumitukset, uretaanipinnoitteet, kromaukset sek\u00e4 erilaiset kovapinnoitteet<\/span><\/li>\n<\/ul>\n<p><a class=\"art-button\" href=\"\/palvelut\" target=\"_self\">LUE LIS\u00c4\u00c4<\/a><\/p>\n<div style=\"margin-left: 2em;\"><\/div>\n<\/div>\n<div class=\"art-layout-cell layout-item-0\" style=\"width: 33%;\">\n<h1><span style=\"font-size: 26px; color: #256fad;\">Uutiset<\/span><\/h1>\n<p><img decoding=\"async\" loading=\"lazy\" class=\"\" style=\"border: 3px solid #9ec8ea;\" src=\"https:\/\/euramet.fi\/wp-content\/uploads\/2015\/08\/uutiset.jpg\" alt=\"\" width=\"224\" height=\"140\" \/><\/p>\n<h4><span style=\"color: #3d91d6;\">1\/10\/2018<\/span><\/h4>\n<p>Nyt my\u00f6s henkil\u00f6nostimien huolto, tarkastus ja korjaus.<br \/>\nVaraosamyynti aputoiminimell\u00e4 <a href=\"http:\/\/www.euralift.fi\">Euralift<\/a><\/p>\n<h4><span style=\"color: #3d91d6;\">30\/08\/2015<\/span><\/h4>\n<p>Uudet kotisivumme on avattu<\/p>\n<p>&nbsp;<\/p>\n<h4><span style=\"color: #3d91d6;\">03\/05\/2015<\/span><\/h4>\n<p>Euramet Oy:ll\u00e4 ISO9001 sertifioitu laatuj\u00e4rjestelm\u00e4 ja EN-1090 mukainen\u00a0kantavien ter\u00e4srakenteiden tuotesertifiointi<\/p>\n<h4><span style=\"color: #3d91d6;\">\u00a0<\/span><\/h4>\n<p><a class=\"art-button\" href=\"\/uutiset\" target=\"_self\">LUE LIS\u00c4\u00c4<\/a><\/p>\n<\/div>\n<\/div>\n<\/div>\n","protected":false},"excerpt":{"rendered":"<p>Yritys Euramet Oy on vuonna 1989 perustettu tilauskonepaja. 1700m\u00b2 toimitilamme sijaitsevat\u00a0hyvien kulkuyhteyksien varrella Euran Kauttualla, Neitsytm\u00e4en teollisuusalueella. &nbsp; Erityisosaamisalaamme ovat vaativat koneistusty\u00f6t, telojen valmistus ja tasapainotus, laiteasennukset, teollisuuden kunnossapito, On -site koneistukset, ter\u00e4srakenteet, hitsaus ym. &nbsp; Vahvuuksiimme kuuluvat mm. joustavuus, laaja yhteisty\u00f6verkosto, lujan ammattitaidon ja kokemuksen omaava henkil\u00f6kunta sek\u00e4 monipuolinen raaka-ainevarasto. LUE LIS\u00c4\u00c4 Palvelut Paperikoneiden [&hellip;]<\/p>\n","protected":false},"author":1,"featured_media":0,"parent":0,"menu_order":1,"comment_status":"closed","ping_status":"closed","template":"","meta":[],"_links":{"self":[{"href":"https:\/\/euramet.fi\/index.php?rest_route=\/wp\/v2\/pages\/25"}],"collection":[{"href":"https:\/\/euramet.fi\/index.php?rest_route=\/wp\/v2\/pages"}],"about":[{"href":"https:\/\/euramet.fi\/index.php?rest_route=\/wp\/v2\/types\/page"}],"author":[{"embeddable":true,"href":"https:\/\/euramet.fi\/index.php?rest_route=\/wp\/v2\/users\/1"}],"replies":[{"embeddable":true,"href":"https:\/\/euramet.fi\/index.php?rest_route=%2Fwp%2Fv2%2Fcomments&post=25"}],"version-history":[{"count":5,"href":"https:\/\/euramet.fi\/index.php?rest_route=\/wp\/v2\/pages\/25\/revisions"}],"predecessor-version":[{"id":62,"href":"https:\/\/euramet.fi\/index.php?rest_route=\/wp\/v2\/pages\/25\/revisions\/62"}],"wp:attachment":[{"href":"https:\/\/euramet.fi\/index.php?rest_route=%2Fwp%2Fv2%2Fmedia&parent=25"}],"curies":[{"name":"wp","href":"https:\/\/api.w.org\/{rel}","templated":true}]}}